{"id":7928,"date":"2021-11-30T12:11:09","date_gmt":"2021-11-30T12:11:09","guid":{"rendered":"https:\/\/demothemedh.b-cdn.net\/pakrco\/?page_id=7928"},"modified":"2024-01-20T19:16:48","modified_gmt":"2024-01-20T19:16:48","slug":"contact-us","status":"publish","type":"page","link":"https:\/\/acaryp.com\/en\/contact-us\/","title":{"rendered":"Contact Us"},"content":{"rendered":"\t\t<div data-elementor-type=\"wp-page\" data-elementor-id=\"7928\" class=\"elementor elementor-7928\">\n\t\t\t\t\t\t<section class=\" elementor-section  lazyelementorbackgroundimages elementor-top-section elementor-element elementor-element-8181509 elementor-section-boxed elementor-section-height-default elementor-section-height-default\" data-id=\"8181509\" data-element_type=\"section\">\n\t\t\t\t\t\t<div class=\"elementor-container elementor-column-gap-default\">\n\t\t\t\t\t<div class=\"elementor-column elementor-col-100 elementor-top-column elementor-element elementor-element-a462f1f\" data-id=\"a462f1f\" data-element_type=\"column\">\n\t\t\t<div class=\" elementor-widget-wrap lazyelementorbackgroundimages \">\n\t\t\t\t\t\t\t<\/div>\n\t\t<\/div>\n\t\t\t\t\t<\/div>\n\t\t<\/section>\n\t\t\t\t<section class=\" elementor-section  lazyelementorbackgroundimages elementor-top-section elementor-element elementor-element-af8305c elementor-section-boxed elementor-section-height-default elementor-section-height-default\" data-id=\"af8305c\" data-element_type=\"section\">\n\t\t\t\t\t\t<div class=\"elementor-container elementor-column-gap-default\">\n\t\t\t\t\t<div class=\"elementor-column elementor-col-50 elementor-top-column elementor-element elementor-element-727a539\" data-id=\"727a539\" data-element_type=\"column\">\n\t\t\t<div class=\" elementor-widget-wrap lazyelementorbackgroundimages  elementor-element-populated\">\n\t\t\t\t\t\t<div class=\"elementor-element elementor-element-9572d97 elementor-widget elementor-widget-spacer\" data-id=\"9572d97\" data-element_type=\"widget\" data-widget_type=\"spacer.default\">\n\t\t\t\t<div class=\"elementor-widget-container\">\n\t\t\t\t\t<div class=\"elementor-spacer\">\n\t\t\t<div class=\"elementor-spacer-inner\"><\/div>\n\t\t<\/div>\n\t\t\t\t<\/div>\n\t\t\t\t<\/div>\n\t\t\t\t<div class=\"elementor-element elementor-element-9e672f2 elementor-widget elementor-widget-heading\" data-id=\"9e672f2\" data-element_type=\"widget\" data-widget_type=\"heading.default\">\n\t\t\t\t<div class=\"elementor-widget-container\">\n\t\t\t<h2 class=\"elementor-heading-title elementor-size-default\">Contact<\/h2>\t\t<\/div>\n\t\t\t\t<\/div>\n\t\t\t\t<div class=\"elementor-element elementor-element-2ce741b elementor-position-left elementor-vertical-align-middle elementor-view-default elementor-mobile-position-top elementor-widget elementor-widget-icon-box\" data-id=\"2ce741b\" data-element_type=\"widget\" data-widget_type=\"icon-box.default\">\n\t\t\t\t<div class=\"elementor-widget-container\">\n\t\t\t\t\t<div class=\"elementor-icon-box-wrapper\">\n\t\t\t\t\t\t<div class=\"elementor-icon-box-icon\">\n\t\t\t\t<a href=\"https:\/\/acaryp.com\/en\/\" class=\"elementor-icon elementor-animation-\" tabindex=\"-1\">\n\t\t\t\t<i aria-hidden=\"true\" class=\"fas fa-globe\"><\/i>\t\t\t\t<\/a>\n\t\t\t<\/div>\n\t\t\t\t\t\t<div class=\"elementor-icon-box-content\">\n\t\t\t\t<h3 class=\"elementor-icon-box-title\">\n\t\t\t\t\t<a href=\"https:\/\/acaryp.com\/en\/\" >\n\t\t\t\t\t\tacaryp.com\/en\t\t\t\t\t<\/a>\n\t\t\t\t<\/h3>\n\t\t\t\t\t\t\t<\/div>\n\t\t<\/div>\n\t\t\t\t<\/div>\n\t\t\t\t<\/div>\n\t\t\t\t<div class=\"elementor-element elementor-element-fc4f26e elementor-position-left elementor-vertical-align-middle elementor-view-default elementor-mobile-position-top elementor-widget elementor-widget-icon-box\" data-id=\"fc4f26e\" data-element_type=\"widget\" data-widget_type=\"icon-box.default\">\n\t\t\t\t<div class=\"elementor-widget-container\">\n\t\t\t\t\t<div class=\"elementor-icon-box-wrapper\">\n\t\t\t\t\t\t<div class=\"elementor-icon-box-icon\">\n\t\t\t\t<a href=\"https:\/\/www.instagram.com\/acar_yapi_mimarlik\/\" target=\"_blank\" class=\"elementor-icon elementor-animation-\" tabindex=\"-1\">\n\t\t\t\t<i aria-hidden=\"true\" class=\"fab fa-instagram\"><\/i>\t\t\t\t<\/a>\n\t\t\t<\/div>\n\t\t\t\t\t\t<div class=\"elementor-icon-box-content\">\n\t\t\t\t<h3 class=\"elementor-icon-box-title\">\n\t\t\t\t\t<a href=\"https:\/\/www.instagram.com\/acar_yapi_mimarlik\/\" target=\"_blank\" >\n\t\t\t\t\t\tAcar Mimarl\u0131k\t\t\t\t\t<\/a>\n\t\t\t\t<\/h3>\n\t\t\t\t\t\t\t<\/div>\n\t\t<\/div>\n\t\t\t\t<\/div>\n\t\t\t\t<\/div>\n\t\t\t\t<div class=\"elementor-element elementor-element-0cfd4c0 elementor-position-left elementor-vertical-align-middle elementor-view-default elementor-mobile-position-top elementor-widget elementor-widget-icon-box\" data-id=\"0cfd4c0\" data-element_type=\"widget\" data-widget_type=\"icon-box.default\">\n\t\t\t\t<div class=\"elementor-widget-container\">\n\t\t\t\t\t<div class=\"elementor-icon-box-wrapper\">\n\t\t\t\t\t\t<div class=\"elementor-icon-box-icon\">\n\t\t\t\t<a href=\"https:\/\/wa.me\/+905427678801\" target=\"_blank\" class=\"elementor-icon elementor-animation-\" tabindex=\"-1\">\n\t\t\t\t<i aria-hidden=\"true\" class=\"fas fa-mobile-alt\"><\/i>\t\t\t\t<\/a>\n\t\t\t<\/div>\n\t\t\t\t\t\t<div class=\"elementor-icon-box-content\">\n\t\t\t\t<h3 class=\"elementor-icon-box-title\">\n\t\t\t\t\t<a href=\"https:\/\/wa.me\/+905427678801\" target=\"_blank\" >\n\t\t\t\t\t\t+90 542 767 8801\t\t\t\t\t<\/a>\n\t\t\t\t<\/h3>\n\t\t\t\t\t\t\t<\/div>\n\t\t<\/div>\n\t\t\t\t<\/div>\n\t\t\t\t<\/div>\n\t\t\t\t<div class=\"elementor-element elementor-element-adb375f elementor-position-left elementor-vertical-align-middle elementor-view-default elementor-mobile-position-top elementor-widget elementor-widget-icon-box\" data-id=\"adb375f\" data-element_type=\"widget\" data-widget_type=\"icon-box.default\">\n\t\t\t\t<div class=\"elementor-widget-container\">\n\t\t\t\t\t<div class=\"elementor-icon-box-wrapper\">\n\t\t\t\t\t\t<div class=\"elementor-icon-box-icon\">\n\t\t\t\t<a href=\"mailto:%20info@acaryp.com\" class=\"elementor-icon elementor-animation-\" tabindex=\"-1\">\n\t\t\t\t<i aria-hidden=\"true\" class=\"far fa-envelope\"><\/i>\t\t\t\t<\/a>\n\t\t\t<\/div>\n\t\t\t\t\t\t<div class=\"elementor-icon-box-content\">\n\t\t\t\t<h3 class=\"elementor-icon-box-title\">\n\t\t\t\t\t<a href=\"mailto:%20info@acaryp.com\" >\n\t\t\t\t\t\tinfo@acaryp.com\t\t\t\t\t<\/a>\n\t\t\t\t<\/h3>\n\t\t\t\t\t\t\t<\/div>\n\t\t<\/div>\n\t\t\t\t<\/div>\n\t\t\t\t<\/div>\n\t\t\t\t<div class=\"elementor-element elementor-element-f47147d elementor-position-left elementor-vertical-align-middle elementor-view-default elementor-mobile-position-top elementor-widget elementor-widget-icon-box\" data-id=\"f47147d\" data-element_type=\"widget\" data-widget_type=\"icon-box.default\">\n\t\t\t\t<div class=\"elementor-widget-container\">\n\t\t\t\t\t<div class=\"elementor-icon-box-wrapper\">\n\t\t\t\t\t\t<div class=\"elementor-icon-box-icon\">\n\t\t\t\t<a href=\"https:\/\/www.google.com\/maps\/dir\/\/eOfis+-+%C5%9Ei%C5%9Fli+Merkez+Abide-i+H%C3%BCrriyet+Cd+No:211+D:aire:64+34381+%C5%9Ei%C5%9Fli%2F%C4%B0stanbul\/@41.0650386,28.9871649,13z\/data=!4m5!4m4!1m0!1m2!1m1!1s0x14cab71d37db31f7:0x643246ed709eda75\" class=\"elementor-icon elementor-animation-\" tabindex=\"-1\">\n\t\t\t\t<i aria-hidden=\"true\" class=\"fas fa-map-marker-alt\"><\/i>\t\t\t\t<\/a>\n\t\t\t<\/div>\n\t\t\t\t\t\t<div class=\"elementor-icon-box-content\">\n\t\t\t\t<h3 class=\"elementor-icon-box-title\">\n\t\t\t\t\t<a href=\"https:\/\/www.google.com\/maps\/dir\/\/eOfis+-+%C5%9Ei%C5%9Fli+Merkez+Abide-i+H%C3%BCrriyet+Cd+No:211+D:aire:64+34381+%C5%9Ei%C5%9Fli%2F%C4%B0stanbul\/@41.0650386,28.9871649,13z\/data=!4m5!4m4!1m0!1m2!1m1!1s0x14cab71d37db31f7:0x643246ed709eda75\" >\n\t\t\t\t\t\t<a href=\"https:\/\/www.google.com\/maps\/dir\/\/eOfis+-+%C5%9Ei%C5%9Fli+Merkez+Abide-i+H%C3%BCrriyet+Cd+No:211+D:aire:64+34381+%C5%9Ei%C5%9Fli%2F%C4%B0stanbul\/@41.0650386,28.9871649,13z\/data=!4m5!4m4!1m0!1m2!1m1!1s0x14cab71d37db31f7:0x643246ed709eda75\" data-elementor-setting-key=\"title_text\" data-elementor-inline-editing-toolbar=\"none\" data-pen-placeholder=\"Type Here...\" style=\"background-color: rgb(255, 255, 255); outline-style: initial; outline-width: 0px;\">Newista residence Floor 7 Room 71 Beylikduzu\/ Istanbul<\/a>\t\t\t\t\t<\/a>\n\t\t\t\t<\/h3>\n\t\t\t\t\t\t\t<\/div>\n\t\t<\/div>\n\t\t\t\t<\/div>\n\t\t\t\t<\/div>\n\t\t\t\t<div class=\"elementor-element elementor-element-e1b6ad2 elementor-position-left elementor-vertical-align-middle elementor-view-default elementor-mobile-position-top elementor-widget elementor-widget-icon-box\" data-id=\"e1b6ad2\" data-element_type=\"widget\" data-widget_type=\"icon-box.default\">\n\t\t\t\t<div class=\"elementor-widget-container\">\n\t\t\t\t\t<div class=\"elementor-icon-box-wrapper\">\n\t\t\t\t\t\t<div class=\"elementor-icon-box-icon\">\n\t\t\t\t<a href=\"https:\/\/www.google.com\/maps\/dir\/\/eOfis+-+%C5%9Ei%C5%9Fli+Merkez+Abide-i+H%C3%BCrriyet+Cd+No:211+D:aire:64+34381+%C5%9Ei%C5%9Fli%2F%C4%B0stanbul\/@41.0650386,28.9871649,13z\/data=!4m5!4m4!1m0!1m2!1m1!1s0x14cab71d37db31f7:0x643246ed709eda75\" class=\"elementor-icon elementor-animation-\" tabindex=\"-1\">\n\t\t\t\t<i aria-hidden=\"true\" class=\"fas fa-map-marker-alt\"><\/i>\t\t\t\t<\/a>\n\t\t\t<\/div>\n\t\t\t\t\t\t<div class=\"elementor-icon-box-content\">\n\t\t\t\t<h3 class=\"elementor-icon-box-title\">\n\t\t\t\t\t<a href=\"https:\/\/www.google.com\/maps\/dir\/\/eOfis+-+%C5%9Ei%C5%9Fli+Merkez+Abide-i+H%C3%BCrriyet+Cd+No:211+D:aire:64+34381+%C5%9Ei%C5%9Fli%2F%C4%B0stanbul\/@41.0650386,28.9871649,13z\/data=!4m5!4m4!1m0!1m2!1m1!1s0x14cab71d37db31f7:0x643246ed709eda75\" >\n\t\t\t\t\t\tArap\u00e7e\u015fme Street , \u015eamlar Plaza No 6 Ofis No 8 Gebze \/ Kocaeli\t\t\t\t\t<\/a>\n\t\t\t\t<\/h3>\n\t\t\t\t\t\t\t<\/div>\n\t\t<\/div>\n\t\t\t\t<\/div>\n\t\t\t\t<\/div>\n\t\t\t\t\t<\/div>\n\t\t<\/div>\n\t\t\t\t<div class=\"elementor-column elementor-col-50 elementor-top-column elementor-element elementor-element-aff7fee\" data-id=\"aff7fee\" data-element_type=\"column\">\n\t\t\t<div class=\" elementor-widget-wrap lazyelementorbackgroundimages  elementor-element-populated\">\n\t\t\t\t\t\t<div class=\"elementor-element elementor-element-5863c30 elementor-widget elementor-widget-heading\" data-id=\"5863c30\" data-element_type=\"widget\" data-widget_type=\"heading.default\">\n\t\t\t\t<div class=\"elementor-widget-container\">\n\t\t\t<h2 class=\"elementor-heading-title elementor-size-default\">Free consultation<\/h2>\t\t<\/div>\n\t\t\t\t<\/div>\n\t\t\t\t<div class=\"elementor-element elementor-element-09dbc21 elementor-widget elementor-widget-pakrco-contactform\" data-id=\"09dbc21\" data-element_type=\"widget\" data-widget_type=\"pakrco-contactform.default\">\n\t\t\t\t<div class=\"elementor-widget-container\">\n\t\t\t        <div class=\"elementor-form-wrapper\">\n\n            \n<div class=\"wpcf7 no-js\" id=\"wpcf7-f3769-o1\" lang=\"en-US\" dir=\"ltr\">\n<div class=\"screen-reader-response\"><p role=\"status\" aria-live=\"polite\" aria-atomic=\"true\"><\/p> <ul><\/ul><\/div>\n<form action=\"\/en\/wp-json\/wp\/v2\/pages\/7928#wpcf7-f3769-o1\" method=\"post\" class=\"wpcf7-form init\" aria-label=\"Contact form\" novalidate=\"novalidate\" data-status=\"init\">\n<div style=\"display: none;\">\n<input type=\"hidden\" name=\"_wpcf7\" value=\"3769\" \/>\n<input type=\"hidden\" name=\"_wpcf7_version\" value=\"5.8.6\" \/>\n<input type=\"hidden\" name=\"_wpcf7_locale\" value=\"en_US\" \/>\n<input type=\"hidden\" name=\"_wpcf7_unit_tag\" value=\"wpcf7-f3769-o1\" \/>\n<input type=\"hidden\" name=\"_wpcf7_container_post\" value=\"0\" \/>\n<input type=\"hidden\" name=\"_wpcf7_posted_data_hash\" value=\"\" \/>\n<\/div>\n<div class=\"form-col placeholder-shown\">\n\t<p><input size=\"40\" class=\"wpcf7-form-control wpcf7-text wpcf7-validates-as-required\" aria-required=\"true\" aria-invalid=\"false\" placeholder=\"Name *\" value=\"\" type=\"text\" name=\"your-name\" \/><label>Name *<\/label>\n\t<\/p>\n<\/div>\n<div class=\"form-col placeholder-shown\">\n\t<p><input size=\"40\" class=\"wpcf7-form-control wpcf7-email wpcf7-validates-as-required wpcf7-text wpcf7-validates-as-email\" aria-required=\"true\" aria-invalid=\"false\" placeholder=\"Email address *\" value=\"\" type=\"email\" name=\"your-email\" \/><label>Email address *<\/label>\n\t<\/p>\n<\/div>\n<div class=\"row-inline row\">\n\t<div class=\"form-col\">\n\t\t<p><input class=\"wpcf7-form-control wpcf7-date wpcf7-validates-as-required wpcf7-validates-as-date required\" min=\"2021-01-01\" max=\"2022-12-31\" step=\"1\" aria-required=\"true\" aria-invalid=\"false\" value=\"\" type=\"date\" name=\"your-date\" \/>\n\t\t<\/p>\n\t<\/div>\n\t<div class=\"form-col\">\n\t\t<p><select class=\"wpcf7-form-control wpcf7-select wpcf7-validates-as-required\" aria-required=\"true\" aria-invalid=\"false\" name=\"time\"><option value=\"10:00 am\">10:00 am<\/option><option value=\"10:30 am\">10:30 am<\/option><option value=\"11:00 am\">11:00 am<\/option><option value=\"11:30 am\">11:30 am<\/option><option value=\"12:00 am\">12:00 am<\/option><option value=\"12:30 am\">12:30 am<\/option><option value=\"13:00 am\">13:00 am<\/option><option value=\"13:30 am\">13:30 am<\/option><option value=\"14:00 am\">14:00 am<\/option><option value=\"14:30 am\">14:30 am<\/option><option value=\"15:00 am\">15:00 am<\/option><option value=\"15:30 am\">15:30 am<\/option><\/select>\n\t\t<\/p>\n\t<\/div>\n<\/div>\n<div class=\"form-col placeholder-shown\">\n\t<p><textarea cols=\"40\" rows=\"10\" class=\"wpcf7-form-control wpcf7-textarea\" aria-invalid=\"false\" placeholder=\"Message\" name=\"textarea-984\"><\/textarea><label>Message<\/label>\n\t<\/p>\n<\/div>\n<div class=\"form-col mb-0\">\n\t<p><input class=\"wpcf7-form-control wpcf7-submit has-spinner\" type=\"submit\" value=\"Contact\" \/>\n\t<\/p>\n<\/div><div class=\"wpcf7-response-output\" aria-hidden=\"true\"><\/div>\n<\/form>\n<\/div>\n\n        <\/div>\n        \t\t<\/div>\n\t\t\t\t<\/div>\n\t\t\t\t\t<\/div>\n\t\t<\/div>\n\t\t\t\t\t<\/div>\n\t\t<\/section>\n\t\t\t\t<div class=\" elementor-section  lazyelementorbackgroundimages elementor-top-section elementor-element elementor-element-374596a elementor-section-full_width elementor-section-height-default elementor-section-height-default\" data-id=\"374596a\" data-element_type=\"section\" data-settings=\"{&quot;background_background&quot;:&quot;classic&quot;}\">\n\t\t\t\t\t\t<div class=\"elementor-container elementor-column-gap-no\">\n\t\t\t\t\t<div class=\"elementor-column elementor-col-100 elementor-top-column elementor-element elementor-element-b1b7e6d\" data-id=\"b1b7e6d\" data-element_type=\"column\">\n\t\t\t<div class=\" elementor-widget-wrap lazyelementorbackgroundimages  elementor-element-populated\">\n\t\t\t\t\t\t<div class=\"elementor-element elementor-element-2779909 elementor-widget elementor-widget-html\" data-id=\"2779909\" data-element_type=\"widget\" data-widget_type=\"html.default\">\n\t\t\t\t<div class=\"elementor-widget-container\">\n\t\t\t<iframe src=\"https:\/\/www.google.com\/maps\/embed?pb=!1m18!1m12!1m3!1d1505.4224564083738!2d28.66183182541878!3d41.00676756156747!2m3!1f0!2f0!3f0!3m2!1i1024!2i768!4f13.1!3m3!1m2!1s0x14b55f77f218eab5%3A0x2fb1faa65ca3612b!2sSkyport%20Residance!5e0!3m2!1str!2str!4v1662960489375!5m2!1str!2str\" width=\"1920\" height=\"500\" style=\"border:0;\" allowfullscreen=\"\" loading=\"lazy\" referrerpolicy=\"no-referrer-when-downgrade\"><\/iframe>\t\t<\/div>\n\t\t\t\t<\/div>\n\t\t\t\t\t<\/div>\n\t\t<\/div>\n\t\t\t\t\t<\/div>\n\t\t<\/div>\n\t\t\t\t<\/div>\n\t\t","protected":false},"excerpt":{"rendered":"<p>Contact acaryp.com\/en Acar Mimarl\u0131k +90 542 767 8801 info@acaryp.com Newista residence Floor 7 Room 71 Beylikduzu\/ Istanbul Arap\u00e7e\u015fme Street , \u015eamlar Plaza No 6 Ofis No 8 Gebze \/ Kocaeli Free consultation Name * Email address * 10:00 am10:30 am11:00 am11:30 am12:00 am12:30 am13:00 am13:30 am14:00 am14:30 am15:00 am15:30 am Message<\/p>\n","protected":false},"author":1,"featured_media":0,"parent":0,"menu_order":0,"comment_status":"closed","ping_status":"closed","template":"elementor_header_footer","meta":{"om_disable_all_campaigns":false,"inline_featured_image":false,"_monsterinsights_skip_tracking":false,"_monsterinsights_sitenote_active":false,"_monsterinsights_sitenote_note":"","_monsterinsights_sitenote_category":0,"_uf_show_specific_survey":0,"_uf_disable_surveys":false,"footnotes":""},"class_list":["post-7928","page","type-page","status-publish","hentry"],"aioseo_notices":[],"_links":{"self":[{"href":"https:\/\/acaryp.com\/en\/wp-json\/wp\/v2\/pages\/7928","targetHints":{"allow":["GET"]}}],"collection":[{"href":"https:\/\/acaryp.com\/en\/wp-json\/wp\/v2\/pages"}],"about":[{"href":"https:\/\/acaryp.com\/en\/wp-json\/wp\/v2\/types\/page"}],"author":[{"embeddable":true,"href":"https:\/\/acaryp.com\/en\/wp-json\/wp\/v2\/users\/1"}],"replies":[{"embeddable":true,"href":"https:\/\/acaryp.com\/en\/wp-json\/wp\/v2\/comments?post=7928"}],"version-history":[{"count":109,"href":"https:\/\/acaryp.com\/en\/wp-json\/wp\/v2\/pages\/7928\/revisions"}],"predecessor-version":[{"id":17325,"href":"https:\/\/acaryp.com\/en\/wp-json\/wp\/v2\/pages\/7928\/revisions\/17325"}],"wp:attachment":[{"href":"https:\/\/acaryp.com\/en\/wp-json\/wp\/v2\/media?parent=7928"}],"curies":[{"name":"wp","href":"https:\/\/api.w.org\/{rel}","templated":true}]}}